{"id":366,"date":"2025-05-06T08:28:30","date_gmt":"2025-05-06T08:28:30","guid":{"rendered":"https:\/\/vierpan.com\/?page_id=366"},"modified":"2026-01-07T13:24:00","modified_gmt":"2026-01-07T13:24:00","slug":"sertifikalarimiz","status":"publish","type":"page","link":"https:\/\/vierpan.com\/?page_id=366","title":{"rendered":"KAL\u0130TE POL\u0130T\u0130KASI VE SERT\u0130F\u0130KALAR"},"content":{"rendered":"\n<div class=\"wp-block-columns has-theme-0-color has-text-color has-link-color wp-elements-8c63417a14bb33abac9a5c96d367cc1d is-layout-flex wp-container-core-columns-is-layout-28f84493 wp-block-columns-is-layout-flex\">\n<div class=\"wp-block-column is-layout-flow wp-container-core-column-is-layout-2ee779ff wp-block-column-is-layout-flow\" style=\"border-style:none;border-width:0px;border-radius:0px;padding-right:var(--wp--preset--spacing--50);padding-left:var(--wp--preset--spacing--50)\">\n<p><strong>Kalite Politikam\u0131z<\/strong><\/p>\n\n\n\n<p>ISO 9001:2015 Kalite Y\u00f6netim Sistemi arac\u0131l\u0131\u011f\u0131 ile kaliteyi olmazsa olmaz bir zorunluluk olarak g\u00f6rmek ve bu \u00e7er\u00e7evede;<\/p>\n\n\n\n<ul class=\"wp-block-list\">\n<li class=\"has-theme-0-color has-text-color has-link-color wp-elements-37f42c9b29cac595efc2e70da50412c9\">M\u00fc\u015fteri Memnuniyetini her \u015feyden \u00fcst\u00fcn tutmay\u0131 ve m\u00fc\u015fteri beklentilerini a\u015fan \u00fcr\u00fcnler sunmay\u0131,<\/li>\n\n\n\n<li>\u00dcretimde s\u0131f\u0131r hata hedefine ula\u015fmak i\u00e7in, elektrik da\u011f\u0131t\u0131m ve kontrol cihazlar\u0131na \u00f6zel boyutsal hassasiyet, elektriksel dayan\u0131m ve g\u00fcvenlik gibi kritik kalite kontrol \u015fartlar\u0131n\u0131 uygulamay\u0131,<\/li>\n\n\n\n<li>Y\u00fcr\u00fcrl\u00fckteki t\u00fcm ulusal, uluslararas\u0131 yasal \u015fartlara ve ilgili mevzuatlara tam uyum sa\u011flayarak, \u00fcr\u00fcnlerimizin ve s\u00fcre\u00e7lerimizin g\u00fcvenilirli\u011fini s\u00fcrekli g\u00fcvence alt\u0131na almay\u0131 ve \u00fcr\u00fcnlerimizin uluslararas\u0131 pazarda kabul g\u00f6rmesi i\u00e7in gerekli olan \u00fcr\u00fcn standartlar\u0131na ve yasal mevzuatlara tam olarak uygun hareket etmeyi,&nbsp;<\/li>\n\n\n\n<li>S\u00fcrekli \u0130yile\u015ftirme bilinciyle teknolojik geli\u015fmeleri yak\u0131ndan takip ederek, g\u00fcvenilir, d\u00fcr\u00fcst, planl\u0131 ve zaman\u0131nda hizmet ger\u00e7ekle\u015ftirmeyi,<\/li>\n\n\n\n<li>\u00c7al\u0131\u015fanlar\u0131m\u0131z\u0131n kariyer ve geli\u015fimlerini destekleyen planl\u0131 e\u011fitimlere \u00f6nem vererek e\u011fitimli ve yetkin personel ile \u00e7al\u0131\u015fmay\u0131,<\/li>\n\n\n\n<li>\u0130klim de\u011fi\u015fikli\u011fiyle m\u00fccadele bilinciyle, \u00fcretim s\u00fcre\u00e7lerimizde enerji verimlili\u011fini art\u0131rmay\u0131 ve \u00e7evresel etkileri (at\u0131k, emisyon vb.) minimize ederek s\u00fcrd\u00fcr\u00fclebilirli\u011fi desteklemeyi,<\/li>\n<\/ul>\n\n\n\n<p>Taahh\u00fct ederiz.<\/p>\n\n\n\n<div style=\"height:51px\" aria-hidden=\"true\" class=\"wp-block-spacer\"><\/div>\n<\/div>\n<\/div>\n","protected":false},"excerpt":{"rendered":"<p>Kalite Politikam\u0131z ISO 9001:2015 Kalite Y\u00f6netim Sistemi arac\u0131l\u0131\u011f\u0131 ile kaliteyi olmazsa olmaz bir zorunluluk olarak g\u00f6rmek ve bu \u00e7er\u00e7evede; Taahh\u00fct ederiz.<\/p>\n","protected":false},"author":1,"featured_media":0,"parent":0,"menu_order":0,"comment_status":"closed","ping_status":"closed","template":"wp-custom-template-kategori","meta":{"footnotes":""},"class_list":["post-366","page","type-page","status-publish","hentry"],"_links":{"self":[{"href":"https:\/\/vierpan.com\/index.php?rest_route=\/wp\/v2\/pages\/366","targetHints":{"allow":["GET"]}}],"collection":[{"href":"https:\/\/vierpan.com\/index.php?rest_route=\/wp\/v2\/pages"}],"about":[{"href":"https:\/\/vierpan.com\/index.php?rest_route=\/wp\/v2\/types\/page"}],"author":[{"embeddable":true,"href":"https:\/\/vierpan.com\/index.php?rest_route=\/wp\/v2\/users\/1"}],"replies":[{"embeddable":true,"href":"https:\/\/vierpan.com\/index.php?rest_route=%2Fwp%2Fv2%2Fcomments&post=366"}],"version-history":[{"count":13,"href":"https:\/\/vierpan.com\/index.php?rest_route=\/wp\/v2\/pages\/366\/revisions"}],"predecessor-version":[{"id":446,"href":"https:\/\/vierpan.com\/index.php?rest_route=\/wp\/v2\/pages\/366\/revisions\/446"}],"wp:attachment":[{"href":"https:\/\/vierpan.com\/index.php?rest_route=%2Fwp%2Fv2%2Fmedia&parent=366"}],"curies":[{"name":"wp","href":"https:\/\/api.w.org\/{rel}","templated":true}]}}