{"id":321,"date":"2025-05-02T15:18:17","date_gmt":"2025-05-02T15:18:17","guid":{"rendered":"https:\/\/vierpan.com\/?page_id=321"},"modified":"2025-05-02T15:27:47","modified_gmt":"2025-05-02T15:27:47","slug":"endustriyel-tip-proje-panolari","status":"publish","type":"page","link":"https:\/\/vierpan.com\/?page_id=321","title":{"rendered":"End\u00fcstriyel tip proje panolar\u0131."},"content":{"rendered":"\n<main class=\"wp-block-group is-layout-constrained wp-container-core-group-is-layout-29f00a54 wp-block-group-is-layout-constrained\" style=\"padding-top:1em;padding-bottom:1em\">\n<div class=\"wp-block-columns contrax-responsive-padding-20 is-layout-flex wp-container-core-columns-is-layout-6cc610cf wp-block-columns-is-layout-flex\" style=\"padding-top:10px;padding-right:10px;padding-bottom:10px;padding-left:10px\">\n<div class=\"wp-block-column .wp-element-button, .wp-block-button__link { height: 51px; padding-right: 30px; padding-left: border-top-left-radius: 0px; border-top-right-radius: border-bottom-right-radius: border-bottom-left-radius: } is-layout-flow wp-container-core-column-is-layout-e22ae230 wp-block-column-is-layout-flow\" style=\"padding-top:var(--wp--preset--spacing--30);padding-right:var(--wp--preset--spacing--30);padding-bottom:var(--wp--preset--spacing--30);padding-left:var(--wp--preset--spacing--30)\">\n<div class=\"wp-block-group has-border-color has-theme-5-border-color is-layout-constrained wp-container-core-group-is-layout-e760d3b2 wp-block-group-is-layout-constrained\" style=\"border-width:1px;border-radius:1px;padding-top:var(--wp--preset--spacing--40);padding-right:var(--wp--preset--spacing--40);padding-bottom:var(--wp--preset--spacing--40);padding-left:var(--wp--preset--spacing--40)\">\n<div class=\"wp-block-media-text\" style=\"font-size:0.93rem;grid-template-columns:60% auto\"><figure class=\"wp-block-media-text__media\"><img loading=\"lazy\" decoding=\"async\" width=\"250\" height=\"250\" src=\"https:\/\/vierpan.com\/wp-content\/uploads\/2025\/05\/a1.jpg\" alt=\"\" class=\"wp-image-331 size-medium\" srcset=\"https:\/\/vierpan.com\/wp-content\/uploads\/2025\/05\/a1.jpg 250w, https:\/\/vierpan.com\/wp-content\/uploads\/2025\/05\/a1-150x150.jpg 150w\" sizes=\"auto, (max-width: 250px) 100vw, 250px\" \/><\/figure><div class=\"wp-block-media-text__content\">\n<p style=\"margin-bottom:var(--wp--preset--spacing--40);font-size:1rem\"><strong>Dikey Tip<\/strong><\/p>\n\n\n\n<p style=\"font-size:0.6rem\"><span style=\"text-decoration: underline;\">Daha Fazla Bilgi \u2192<\/span><\/p>\n<\/div><\/div>\n<\/div>\n<\/div>\n\n\n\n<div class=\"wp-block-column .wp-element-button, .wp-block-button__link { height: 51px; padding-right: 30px; padding-left: border-top-left-radius: 0px; border-top-right-radius: border-bottom-right-radius: border-bottom-left-radius: } is-layout-flow wp-container-core-column-is-layout-e22ae230 wp-block-column-is-layout-flow\" style=\"padding-top:var(--wp--preset--spacing--30);padding-right:var(--wp--preset--spacing--30);padding-bottom:var(--wp--preset--spacing--30);padding-left:var(--wp--preset--spacing--30)\">\n<div class=\"wp-block-group has-border-color has-theme-5-border-color is-layout-constrained wp-container-core-group-is-layout-e760d3b2 wp-block-group-is-layout-constrained\" style=\"border-width:1px;border-radius:1px;padding-top:var(--wp--preset--spacing--40);padding-right:var(--wp--preset--spacing--40);padding-bottom:var(--wp--preset--spacing--40);padding-left:var(--wp--preset--spacing--40)\">\n<div class=\"wp-block-media-text\" style=\"font-size:0.93rem;grid-template-columns:60% auto\"><figure class=\"wp-block-media-text__media\"><img loading=\"lazy\" decoding=\"async\" width=\"250\" height=\"250\" src=\"https:\/\/vierpan.com\/wp-content\/uploads\/2025\/05\/a2.jpg\" alt=\"\" class=\"wp-image-332 size-medium\" srcset=\"https:\/\/vierpan.com\/wp-content\/uploads\/2025\/05\/a2.jpg 250w, https:\/\/vierpan.com\/wp-content\/uploads\/2025\/05\/a2-150x150.jpg 150w\" sizes=\"auto, (max-width: 250px) 100vw, 250px\" \/><\/figure><div class=\"wp-block-media-text__content\">\n<p style=\"margin-bottom:var(--wp--preset--spacing--40);font-size:1rem\"><strong>Duvar Tipi 1 (Mod\u00fcler DV-1)<\/strong><\/p>\n\n\n\n<p style=\"font-size:0.6rem\"><span style=\"text-decoration: underline;\">Daha Fazla Bilgi \u2192<\/span><\/p>\n<\/div><\/div>\n<\/div>\n<\/div>\n\n\n\n<div class=\"wp-block-column .wp-element-button, .wp-block-button__link { height: 51px; padding-right: 30px; padding-left: border-top-left-radius: 0px; border-top-right-radius: border-bottom-right-radius: border-bottom-left-radius: } is-layout-flow wp-container-core-column-is-layout-e22ae230 wp-block-column-is-layout-flow\" style=\"padding-top:var(--wp--preset--spacing--30);padding-right:var(--wp--preset--spacing--30);padding-bottom:var(--wp--preset--spacing--30);padding-left:var(--wp--preset--spacing--30)\">\n<div class=\"wp-block-group has-border-color has-theme-5-border-color is-layout-constrained wp-container-core-group-is-layout-e760d3b2 wp-block-group-is-layout-constrained\" style=\"border-width:1px;border-radius:1px;padding-top:var(--wp--preset--spacing--40);padding-right:var(--wp--preset--spacing--40);padding-bottom:var(--wp--preset--spacing--40);padding-left:var(--wp--preset--spacing--40)\">\n<div class=\"wp-block-media-text\" style=\"font-size:0.93rem;grid-template-columns:60% auto\"><figure class=\"wp-block-media-text__media\"><img loading=\"lazy\" decoding=\"async\" width=\"250\" height=\"250\" src=\"https:\/\/vierpan.com\/wp-content\/uploads\/2025\/05\/a3.jpg\" alt=\"\" class=\"wp-image-333 size-medium\" srcset=\"https:\/\/vierpan.com\/wp-content\/uploads\/2025\/05\/a3.jpg 250w, https:\/\/vierpan.com\/wp-content\/uploads\/2025\/05\/a3-150x150.jpg 150w\" sizes=\"auto, (max-width: 250px) 100vw, 250px\" \/><\/figure><div class=\"wp-block-media-text__content\">\n<p style=\"margin-bottom:var(--wp--preset--spacing--40);font-size:1rem\"><strong>Duvar Tipi 2 (A\u00e7\u0131k \u015ealt DV-2)<\/strong><\/p>\n\n\n\n<p style=\"font-size:0.6rem\"><span style=\"text-decoration: underline;\">Daha Fazla Bilgi \u2192<\/span><\/p>\n<\/div><\/div>\n<\/div>\n<\/div>\n<\/div>\n<\/main>\n\n\n\n<div style=\"height:100px\" aria-hidden=\"true\" class=\"wp-block-spacer\"><\/div>\n","protected":false},"excerpt":{"rendered":"<p>Dikey Tip Daha Fazla Bilgi \u2192 Duvar Tipi 1 (Mod\u00fcler DV-1) Daha Fazla Bilgi \u2192 Duvar Tipi 2 (A\u00e7\u0131k \u015ealt DV-2) Daha Fazla Bilgi \u2192<\/p>\n","protected":false},"author":1,"featured_media":0,"parent":0,"menu_order":0,"comment_status":"closed","ping_status":"closed","template":"wp-custom-template-kategori","meta":{"footnotes":""},"class_list":["post-321","page","type-page","status-publish","hentry"],"_links":{"self":[{"href":"https:\/\/vierpan.com\/index.php?rest_route=\/wp\/v2\/pages\/321","targetHints":{"allow":["GET"]}}],"collection":[{"href":"https:\/\/vierpan.com\/index.php?rest_route=\/wp\/v2\/pages"}],"about":[{"href":"https:\/\/vierpan.com\/index.php?rest_route=\/wp\/v2\/types\/page"}],"author":[{"embeddable":true,"href":"https:\/\/vierpan.com\/index.php?rest_route=\/wp\/v2\/users\/1"}],"replies":[{"embeddable":true,"href":"https:\/\/vierpan.com\/index.php?rest_route=%2Fwp%2Fv2%2Fcomments&post=321"}],"version-history":[{"count":3,"href":"https:\/\/vierpan.com\/index.php?rest_route=\/wp\/v2\/pages\/321\/revisions"}],"predecessor-version":[{"id":340,"href":"https:\/\/vierpan.com\/index.php?rest_route=\/wp\/v2\/pages\/321\/revisions\/340"}],"wp:attachment":[{"href":"https:\/\/vierpan.com\/index.php?rest_route=%2Fwp%2Fv2%2Fmedia&parent=321"}],"curies":[{"name":"wp","href":"https:\/\/api.w.org\/{rel}","templated":true}]}}