{"id":216,"date":"2025-05-02T13:48:11","date_gmt":"2025-05-02T13:48:11","guid":{"rendered":"https:\/\/vierpan.com\/?page_id=216"},"modified":"2025-05-02T15:41:56","modified_gmt":"2025-05-02T15:41:56","slug":"ag-dagitim-panolari","status":"publish","type":"page","link":"https:\/\/vierpan.com\/?page_id=216","title":{"rendered":"T\u00dcM \u00dcR\u00dcNLER\u0130M\u0130Z"},"content":{"rendered":"\n<main class=\"wp-block-group is-layout-constrained wp-container-core-group-is-layout-29f00a54 wp-block-group-is-layout-constrained\" style=\"padding-top:1em;padding-bottom:1em\">\n<div class=\"wp-block-columns contrax-responsive-padding-20 is-layout-flex wp-container-core-columns-is-layout-6cc610cf wp-block-columns-is-layout-flex\" style=\"padding-top:10px;padding-right:10px;padding-bottom:10px;padding-left:10px\">\n<div class=\"wp-block-column .wp-element-button, .wp-block-button__link { height: 51px; padding-right: 30px; padding-left: border-top-left-radius: 0px; border-top-right-radius: border-bottom-right-radius: border-bottom-left-radius: } is-layout-flow wp-container-core-column-is-layout-e22ae230 wp-block-column-is-layout-flow\" style=\"padding-top:var(--wp--preset--spacing--30);padding-right:var(--wp--preset--spacing--30);padding-bottom:var(--wp--preset--spacing--30);padding-left:var(--wp--preset--spacing--30)\">\n<div class=\"wp-block-group has-border-color has-theme-5-border-color is-layout-constrained wp-container-core-group-is-layout-e760d3b2 wp-block-group-is-layout-constrained\" style=\"border-width:1px;border-radius:1px;padding-top:var(--wp--preset--spacing--40);padding-right:var(--wp--preset--spacing--40);padding-bottom:var(--wp--preset--spacing--40);padding-left:var(--wp--preset--spacing--40)\">\n<div class=\"wp-block-media-text\" style=\"font-size:0.93rem;grid-template-columns:60% auto\"><figure class=\"wp-block-media-text__media\"><img loading=\"lazy\" decoding=\"async\" width=\"300\" height=\"300\" src=\"https:\/\/vierpan.com\/wp-content\/uploads\/2025\/05\/1-1-300x300.jpg\" alt=\"\" class=\"wp-image-231 size-medium\" srcset=\"https:\/\/vierpan.com\/wp-content\/uploads\/2025\/05\/1-1-300x300.jpg 300w, https:\/\/vierpan.com\/wp-content\/uploads\/2025\/05\/1-1-150x150.jpg 150w, https:\/\/vierpan.com\/wp-content\/uploads\/2025\/05\/1-1.jpg 458w\" sizes=\"auto, (max-width: 300px) 100vw, 300px\" \/><\/figure><div class=\"wp-block-media-text__content\">\n<p style=\"margin-bottom:var(--wp--preset--spacing--40);font-size:1rem\"><strong>Tip 1 Box Panolar<\/strong><\/p>\n\n\n\n<p style=\"font-size:0.6rem\"><span style=\"text-decoration: underline;\">Daha Fazla Bilgi \u2192<\/span><\/p>\n<\/div><\/div>\n<\/div>\n<\/div>\n\n\n\n<div class=\"wp-block-column .wp-element-button, .wp-block-button__link { height: 51px; padding-right: 30px; padding-left: border-top-left-radius: 0px; border-top-right-radius: border-bottom-right-radius: border-bottom-left-radius: } is-layout-flow wp-container-core-column-is-layout-e22ae230 wp-block-column-is-layout-flow\" style=\"padding-top:var(--wp--preset--spacing--30);padding-right:var(--wp--preset--spacing--30);padding-bottom:var(--wp--preset--spacing--30);padding-left:var(--wp--preset--spacing--30)\">\n<div class=\"wp-block-group has-border-color has-theme-5-border-color is-layout-constrained wp-container-core-group-is-layout-e760d3b2 wp-block-group-is-layout-constrained\" style=\"border-width:1px;border-radius:1px;padding-top:var(--wp--preset--spacing--40);padding-right:var(--wp--preset--spacing--40);padding-bottom:var(--wp--preset--spacing--40);padding-left:var(--wp--preset--spacing--40)\">\n<div class=\"wp-block-media-text\" style=\"font-size:0.93rem;grid-template-columns:60% auto\"><figure class=\"wp-block-media-text__media\"><img loading=\"lazy\" decoding=\"async\" width=\"458\" height=\"458\" src=\"https:\/\/vierpan.com\/wp-content\/uploads\/2025\/05\/2.jpg\" alt=\"\" class=\"wp-image-272 size-medium\" srcset=\"https:\/\/vierpan.com\/wp-content\/uploads\/2025\/05\/2.jpg 458w, https:\/\/vierpan.com\/wp-content\/uploads\/2025\/05\/2-300x300.jpg 300w, https:\/\/vierpan.com\/wp-content\/uploads\/2025\/05\/2-150x150.jpg 150w\" sizes=\"auto, (max-width: 458px) 100vw, 458px\" \/><\/figure><div class=\"wp-block-media-text__content\">\n<p style=\"margin-bottom:var(--wp--preset--spacing--40);font-size:1rem\"><strong>Tip 3 Box Panolar &#8211; 1 Giri\u015f 1 \u00c7\u0131k\u0131\u015f<\/strong><\/p>\n\n\n\n<p style=\"font-size:0.6rem\"><span style=\"text-decoration: underline;\">Daha Fazla Bilgi \u2192<\/span><\/p>\n<\/div><\/div>\n<\/div>\n<\/div>\n\n\n\n<div class=\"wp-block-column .wp-element-button, .wp-block-button__link { height: 51px; padding-right: 30px; padding-left: border-top-left-radius: 0px; border-top-right-radius: border-bottom-right-radius: border-bottom-left-radius: } is-layout-flow wp-container-core-column-is-layout-e22ae230 wp-block-column-is-layout-flow\" style=\"padding-top:var(--wp--preset--spacing--30);padding-right:var(--wp--preset--spacing--30);padding-bottom:var(--wp--preset--spacing--30);padding-left:var(--wp--preset--spacing--30)\">\n<div class=\"wp-block-group has-border-color has-theme-5-border-color is-layout-constrained wp-container-core-group-is-layout-e760d3b2 wp-block-group-is-layout-constrained\" style=\"border-width:1px;border-radius:1px;padding-top:var(--wp--preset--spacing--40);padding-right:var(--wp--preset--spacing--40);padding-bottom:var(--wp--preset--spacing--40);padding-left:var(--wp--preset--spacing--40)\">\n<div class=\"wp-block-media-text\" style=\"font-size:0.93rem;grid-template-columns:60% auto\"><figure class=\"wp-block-media-text__media\"><img loading=\"lazy\" decoding=\"async\" width=\"458\" height=\"458\" src=\"https:\/\/vierpan.com\/wp-content\/uploads\/2025\/05\/3.jpg\" alt=\"\" class=\"wp-image-273 size-medium\" srcset=\"https:\/\/vierpan.com\/wp-content\/uploads\/2025\/05\/3.jpg 458w, https:\/\/vierpan.com\/wp-content\/uploads\/2025\/05\/3-300x300.jpg 300w, https:\/\/vierpan.com\/wp-content\/uploads\/2025\/05\/3-150x150.jpg 150w\" sizes=\"auto, (max-width: 458px) 100vw, 458px\" \/><\/figure><div class=\"wp-block-media-text__content\">\n<p style=\"margin-bottom:var(--wp--preset--spacing--40);font-size:1rem\"><strong>Harici AG Da\u011f\u0131t\u0131m Panolar\u0131<\/strong><\/p>\n\n\n\n<p style=\"font-size:0.6rem\"><span style=\"text-decoration: underline;\">Daha Fazla Bilgi \u2192<\/span><\/p>\n<\/div><\/div>\n<\/div>\n<\/div>\n<\/div>\n\n\n\n<div class=\"wp-block-columns contrax-responsive-padding-20 is-layout-flex wp-container-core-columns-is-layout-6cc610cf wp-block-columns-is-layout-flex\" style=\"padding-top:10px;padding-right:10px;padding-bottom:10px;padding-left:10px\">\n<div class=\"wp-block-column .wp-element-button, .wp-block-button__link { height: 51px; padding-right: 30px; padding-left: border-top-left-radius: 0px; border-top-right-radius: border-bottom-right-radius: border-bottom-left-radius: } is-layout-flow wp-container-core-column-is-layout-e22ae230 wp-block-column-is-layout-flow\" style=\"padding-top:var(--wp--preset--spacing--30);padding-right:var(--wp--preset--spacing--30);padding-bottom:var(--wp--preset--spacing--30);padding-left:var(--wp--preset--spacing--30)\">\n<div class=\"wp-block-group has-border-color has-theme-5-border-color is-layout-constrained wp-container-core-group-is-layout-e760d3b2 wp-block-group-is-layout-constrained\" style=\"border-width:1px;border-radius:1px;padding-top:var(--wp--preset--spacing--40);padding-right:var(--wp--preset--spacing--40);padding-bottom:var(--wp--preset--spacing--40);padding-left:var(--wp--preset--spacing--40)\">\n<div class=\"wp-block-media-text\" style=\"font-size:0.93rem;grid-template-columns:60% auto\"><figure class=\"wp-block-media-text__media\"><img loading=\"lazy\" decoding=\"async\" width=\"458\" height=\"458\" src=\"https:\/\/vierpan.com\/wp-content\/uploads\/2025\/05\/4.jpg\" alt=\"\" class=\"wp-image-303 size-medium\" srcset=\"https:\/\/vierpan.com\/wp-content\/uploads\/2025\/05\/4.jpg 458w, https:\/\/vierpan.com\/wp-content\/uploads\/2025\/05\/4-300x300.jpg 300w, https:\/\/vierpan.com\/wp-content\/uploads\/2025\/05\/4-150x150.jpg 150w\" sizes=\"auto, (max-width: 458px) 100vw, 458px\" \/><\/figure><div class=\"wp-block-media-text__content\">\n<p style=\"margin-bottom:var(--wp--preset--spacing--40);font-size:1rem\"><strong>OSOS Panolar<\/strong><\/p>\n\n\n\n<p style=\"font-size:0.6rem\"><span style=\"text-decoration: underline;\">Daha Fazla Bilgi \u2192<\/span><\/p>\n<\/div><\/div>\n<\/div>\n<\/div>\n\n\n\n<div class=\"wp-block-column .wp-element-button, .wp-block-button__link { height: 51px; padding-right: 30px; padding-left: border-top-left-radius: 0px; border-top-right-radius: border-bottom-right-radius: border-bottom-left-radius: } is-layout-flow wp-container-core-column-is-layout-e22ae230 wp-block-column-is-layout-flow\" style=\"padding-top:var(--wp--preset--spacing--30);padding-right:var(--wp--preset--spacing--30);padding-bottom:var(--wp--preset--spacing--30);padding-left:var(--wp--preset--spacing--30)\">\n<div class=\"wp-block-group has-border-color has-theme-5-border-color is-layout-constrained wp-container-core-group-is-layout-e760d3b2 wp-block-group-is-layout-constrained\" style=\"border-width:1px;border-radius:1px;padding-top:var(--wp--preset--spacing--40);padding-right:var(--wp--preset--spacing--40);padding-bottom:var(--wp--preset--spacing--40);padding-left:var(--wp--preset--spacing--40)\">\n<div class=\"wp-block-media-text\" style=\"font-size:0.93rem;grid-template-columns:60% auto\"><figure class=\"wp-block-media-text__media\"><img loading=\"lazy\" decoding=\"async\" width=\"458\" height=\"458\" src=\"https:\/\/vierpan.com\/wp-content\/uploads\/2025\/05\/5.jpg\" alt=\"\" class=\"wp-image-304 size-medium\" srcset=\"https:\/\/vierpan.com\/wp-content\/uploads\/2025\/05\/5.jpg 458w, https:\/\/vierpan.com\/wp-content\/uploads\/2025\/05\/5-300x300.jpg 300w, https:\/\/vierpan.com\/wp-content\/uploads\/2025\/05\/5-150x150.jpg 150w\" sizes=\"auto, (max-width: 458px) 100vw, 458px\" \/><\/figure><div class=\"wp-block-media-text__content\">\n<p style=\"margin-bottom:var(--wp--preset--spacing--40);font-size:1rem\"><strong>Yenilenebilir Enerji D.P.<\/strong><\/p>\n\n\n\n<p style=\"font-size:0.6rem\"><span style=\"text-decoration: underline;\">Daha Fazla Bilgi \u2192<\/span><\/p>\n<\/div><\/div>\n<\/div>\n<\/div>\n\n\n\n<div class=\"wp-block-column .wp-element-button, .wp-block-button__link { height: 51px; padding-right: 30px; padding-left: border-top-left-radius: 0px; border-top-right-radius: border-bottom-right-radius: border-bottom-left-radius: } is-layout-flow wp-container-core-column-is-layout-e22ae230 wp-block-column-is-layout-flow\" style=\"padding-top:var(--wp--preset--spacing--30);padding-right:var(--wp--preset--spacing--30);padding-bottom:var(--wp--preset--spacing--30);padding-left:var(--wp--preset--spacing--30)\">\n<div class=\"wp-block-group has-border-color has-theme-5-border-color is-layout-constrained wp-container-core-group-is-layout-e760d3b2 wp-block-group-is-layout-constrained\" style=\"border-width:1px;border-radius:1px;padding-top:var(--wp--preset--spacing--40);padding-right:var(--wp--preset--spacing--40);padding-bottom:var(--wp--preset--spacing--40);padding-left:var(--wp--preset--spacing--40)\">\n<div class=\"wp-block-media-text\" style=\"font-size:0.93rem;grid-template-columns:60% auto\"><figure class=\"wp-block-media-text__media\"><img loading=\"lazy\" decoding=\"async\" width=\"458\" height=\"458\" src=\"https:\/\/vierpan.com\/wp-content\/uploads\/2025\/05\/6.jpg\" alt=\"\" class=\"wp-image-305 size-medium\" srcset=\"https:\/\/vierpan.com\/wp-content\/uploads\/2025\/05\/6.jpg 458w, https:\/\/vierpan.com\/wp-content\/uploads\/2025\/05\/6-300x300.jpg 300w, https:\/\/vierpan.com\/wp-content\/uploads\/2025\/05\/6-150x150.jpg 150w\" sizes=\"auto, (max-width: 458px) 100vw, 458px\" \/><\/figure><div class=\"wp-block-media-text__content\">\n<p style=\"margin-bottom:var(--wp--preset--spacing--40);font-size:1rem\"><strong>EKK Panolar\u0131<\/strong><\/p>\n\n\n\n<p style=\"font-size:0.6rem\"><span style=\"text-decoration: underline;\">Daha Fazla Bilgi \u2192<\/span><\/p>\n<\/div><\/div>\n<\/div>\n<\/div>\n<\/div>\n\n\n\n<div class=\"wp-block-columns contrax-responsive-padding-20 is-layout-flex wp-container-core-columns-is-layout-6cc610cf wp-block-columns-is-layout-flex\" style=\"padding-top:10px;padding-right:10px;padding-bottom:10px;padding-left:10px\">\n<div class=\"wp-block-column .wp-element-button, .wp-block-button__link { height: 51px; padding-right: 30px; padding-left: border-top-left-radius: 0px; border-top-right-radius: border-bottom-right-radius: border-bottom-left-radius: } is-layout-flow wp-container-core-column-is-layout-e22ae230 wp-block-column-is-layout-flow\" style=\"padding-top:var(--wp--preset--spacing--30);padding-right:var(--wp--preset--spacing--30);padding-bottom:var(--wp--preset--spacing--30);padding-left:var(--wp--preset--spacing--30)\">\n<div class=\"wp-block-group has-border-color has-theme-5-border-color is-layout-constrained wp-container-core-group-is-layout-e760d3b2 wp-block-group-is-layout-constrained\" style=\"border-width:1px;border-radius:1px;padding-top:var(--wp--preset--spacing--40);padding-right:var(--wp--preset--spacing--40);padding-bottom:var(--wp--preset--spacing--40);padding-left:var(--wp--preset--spacing--40)\">\n<div class=\"wp-block-media-text\" style=\"font-size:0.93rem;grid-template-columns:60% auto\"><figure class=\"wp-block-media-text__media\"><img loading=\"lazy\" decoding=\"async\" width=\"250\" height=\"250\" src=\"https:\/\/vierpan.com\/wp-content\/uploads\/2025\/05\/a1-1.jpg\" alt=\"\" class=\"wp-image-345 size-medium\" srcset=\"https:\/\/vierpan.com\/wp-content\/uploads\/2025\/05\/a1-1.jpg 250w, https:\/\/vierpan.com\/wp-content\/uploads\/2025\/05\/a1-1-150x150.jpg 150w\" sizes=\"auto, (max-width: 250px) 100vw, 250px\" \/><\/figure><div class=\"wp-block-media-text__content\">\n<p style=\"margin-bottom:var(--wp--preset--spacing--40);font-size:1rem\"><strong>Saya\u00e7 Panolar\u0131<\/strong><\/p>\n\n\n\n<p style=\"font-size:0.6rem\"><span style=\"text-decoration: underline;\">Daha Fazla Bilgi \u2192<\/span><\/p>\n<\/div><\/div>\n<\/div>\n<\/div>\n\n\n\n<div class=\"wp-block-column .wp-element-button, .wp-block-button__link { height: 51px; padding-right: 30px; padding-left: border-top-left-radius: 0px; border-top-right-radius: border-bottom-right-radius: border-bottom-left-radius: } is-layout-flow wp-container-core-column-is-layout-e22ae230 wp-block-column-is-layout-flow\" style=\"padding-top:var(--wp--preset--spacing--30);padding-right:var(--wp--preset--spacing--30);padding-bottom:var(--wp--preset--spacing--30);padding-left:var(--wp--preset--spacing--30)\">\n<div class=\"wp-block-group has-border-color has-theme-5-border-color is-layout-constrained wp-container-core-group-is-layout-e760d3b2 wp-block-group-is-layout-constrained\" style=\"border-width:1px;border-radius:1px;padding-top:var(--wp--preset--spacing--40);padding-right:var(--wp--preset--spacing--40);padding-bottom:var(--wp--preset--spacing--40);padding-left:var(--wp--preset--spacing--40)\">\n<div class=\"wp-block-media-text\" style=\"font-size:0.93rem;grid-template-columns:60% auto\"><figure class=\"wp-block-media-text__media\"><img loading=\"lazy\" decoding=\"async\" width=\"250\" height=\"250\" src=\"https:\/\/vierpan.com\/wp-content\/uploads\/2025\/05\/a2-1.jpg\" alt=\"\" class=\"wp-image-346 size-medium\" srcset=\"https:\/\/vierpan.com\/wp-content\/uploads\/2025\/05\/a2-1.jpg 250w, https:\/\/vierpan.com\/wp-content\/uploads\/2025\/05\/a2-1-150x150.jpg 150w\" sizes=\"auto, (max-width: 250px) 100vw, 250px\" \/><\/figure><div class=\"wp-block-media-text__content\">\n<p style=\"margin-bottom:var(--wp--preset--spacing--40);font-size:1rem\"><strong>Sekonder Koruma Panolar\u0131<\/strong><\/p>\n\n\n\n<p style=\"font-size:0.6rem\"><span style=\"text-decoration: underline;\">Daha Fazla Bilgi \u2192<\/span><\/p>\n<\/div><\/div>\n<\/div>\n<\/div>\n\n\n\n<div class=\"wp-block-column .wp-element-button, .wp-block-button__link { height: 51px; padding-right: 30px; padding-left: border-top-left-radius: 0px; border-top-right-radius: border-bottom-right-radius: border-bottom-left-radius: } is-layout-flow wp-container-core-column-is-layout-e22ae230 wp-block-column-is-layout-flow\" style=\"padding-top:var(--wp--preset--spacing--30);padding-right:var(--wp--preset--spacing--30);padding-bottom:var(--wp--preset--spacing--30);padding-left:var(--wp--preset--spacing--30)\">\n<div class=\"wp-block-group has-border-color has-theme-5-border-color is-layout-constrained wp-container-core-group-is-layout-e760d3b2 wp-block-group-is-layout-constrained\" style=\"border-width:1px;border-radius:1px;padding-top:var(--wp--preset--spacing--40);padding-right:var(--wp--preset--spacing--40);padding-bottom:var(--wp--preset--spacing--40);padding-left:var(--wp--preset--spacing--40)\">\n<div class=\"wp-block-media-text\" style=\"font-size:0.93rem;grid-template-columns:60% auto\"><figure class=\"wp-block-media-text__media\"><img loading=\"lazy\" decoding=\"async\" width=\"250\" height=\"250\" src=\"https:\/\/vierpan.com\/wp-content\/uploads\/2025\/05\/a3-1.jpg\" alt=\"\" class=\"wp-image-347 size-medium\" srcset=\"https:\/\/vierpan.com\/wp-content\/uploads\/2025\/05\/a3-1.jpg 250w, https:\/\/vierpan.com\/wp-content\/uploads\/2025\/05\/a3-1-150x150.jpg 150w\" sizes=\"auto, (max-width: 250px) 100vw, 250px\" \/><\/figure><div class=\"wp-block-media-text__content\">\n<p style=\"margin-bottom:var(--wp--preset--spacing--40);font-size:1rem\"><strong>Tip 3 Box Panolar &#8211; 1 Giri\u015f 2 \u00c7\u0131k\u0131\u015f<\/strong><\/p>\n\n\n\n<p style=\"font-size:0.6rem\"><span style=\"text-decoration: underline;\">Daha Fazla Bilgi \u2192<\/span><\/p>\n<\/div><\/div>\n<\/div>\n<\/div>\n<\/div>\n\n\n\n<div class=\"wp-block-columns contrax-responsive-padding-20 is-layout-flex wp-container-core-columns-is-layout-6cc610cf wp-block-columns-is-layout-flex\" style=\"padding-top:10px;padding-right:10px;padding-bottom:10px;padding-left:10px\">\n<div class=\"wp-block-column .wp-element-button, .wp-block-button__link { height: 51px; padding-right: 30px; padding-left: border-top-left-radius: 0px; border-top-right-radius: border-bottom-right-radius: border-bottom-left-radius: } is-layout-flow wp-container-core-column-is-layout-e22ae230 wp-block-column-is-layout-flow\" style=\"padding-top:var(--wp--preset--spacing--30);padding-right:var(--wp--preset--spacing--30);padding-bottom:var(--wp--preset--spacing--30);padding-left:var(--wp--preset--spacing--30)\">\n<div class=\"wp-block-group has-border-color has-theme-5-border-color is-layout-constrained wp-container-core-group-is-layout-e760d3b2 wp-block-group-is-layout-constrained\" style=\"border-width:1px;border-radius:1px;padding-top:var(--wp--preset--spacing--40);padding-right:var(--wp--preset--spacing--40);padding-bottom:var(--wp--preset--spacing--40);padding-left:var(--wp--preset--spacing--40)\">\n<div class=\"wp-block-media-text\" style=\"font-size:0.93rem;grid-template-columns:60% auto\"><figure class=\"wp-block-media-text__media\"><img loading=\"lazy\" decoding=\"async\" width=\"250\" height=\"250\" src=\"https:\/\/vierpan.com\/wp-content\/uploads\/2025\/05\/a4.jpg\" alt=\"\" class=\"wp-image-348 size-medium\" srcset=\"https:\/\/vierpan.com\/wp-content\/uploads\/2025\/05\/a4.jpg 250w, https:\/\/vierpan.com\/wp-content\/uploads\/2025\/05\/a4-150x150.jpg 150w\" sizes=\"auto, (max-width: 250px) 100vw, 250px\" \/><\/figure><div class=\"wp-block-media-text__content\">\n<p style=\"margin-bottom:var(--wp--preset--spacing--40);font-size:1rem\"><strong>Bo\u015f Cam Elyaf Takviyeli Panolar<\/strong><\/p>\n\n\n\n<p style=\"font-size:0.6rem\"><span style=\"text-decoration: underline;\">Daha Fazla Bilgi \u2192<\/span><\/p>\n<\/div><\/div>\n<\/div>\n<\/div>\n\n\n\n<div class=\"wp-block-column .wp-element-button, .wp-block-button__link { height: 51px; padding-right: 30px; padding-left: border-top-left-radius: 0px; border-top-right-radius: border-bottom-right-radius: border-bottom-left-radius: } is-layout-flow wp-container-core-column-is-layout-e22ae230 wp-block-column-is-layout-flow\" style=\"padding-top:var(--wp--preset--spacing--30);padding-right:var(--wp--preset--spacing--30);padding-bottom:var(--wp--preset--spacing--30);padding-left:var(--wp--preset--spacing--30)\">\n<div class=\"wp-block-group has-border-color has-theme-5-border-color is-layout-constrained wp-container-core-group-is-layout-e760d3b2 wp-block-group-is-layout-constrained\" style=\"border-width:1px;border-radius:1px;padding-top:var(--wp--preset--spacing--40);padding-right:var(--wp--preset--spacing--40);padding-bottom:var(--wp--preset--spacing--40);padding-left:var(--wp--preset--spacing--40)\">\n<div class=\"wp-block-media-text\" style=\"font-size:0.93rem;grid-template-columns:60% auto\"><figure class=\"wp-block-media-text__media\"><img loading=\"lazy\" decoding=\"async\" width=\"250\" height=\"250\" src=\"https:\/\/vierpan.com\/wp-content\/uploads\/2025\/05\/a5.jpg\" alt=\"\" class=\"wp-image-349 size-medium\" srcset=\"https:\/\/vierpan.com\/wp-content\/uploads\/2025\/05\/a5.jpg 250w, https:\/\/vierpan.com\/wp-content\/uploads\/2025\/05\/a5-150x150.jpg 150w\" sizes=\"auto, (max-width: 250px) 100vw, 250px\" \/><\/figure><div class=\"wp-block-media-text__content\">\n<p style=\"margin-bottom:var(--wp--preset--spacing--40);font-size:1rem\"><strong>Dahili AG Da\u011f\u0131t\u0131m Panolar\u0131<\/strong><\/p>\n\n\n\n<p style=\"font-size:0.6rem\"><span style=\"text-decoration: underline;\">Daha Fazla Bilgi \u2192<\/span><\/p>\n<\/div><\/div>\n<\/div>\n<\/div>\n\n\n\n<div class=\"wp-block-column .wp-element-button, .wp-block-button__link { height: 51px; padding-right: 30px; padding-left: border-top-left-radius: 0px; border-top-right-radius: border-bottom-right-radius: border-bottom-left-radius: } is-layout-flow wp-container-core-column-is-layout-e22ae230 wp-block-column-is-layout-flow\" style=\"padding-top:var(--wp--preset--spacing--30);padding-right:var(--wp--preset--spacing--30);padding-bottom:var(--wp--preset--spacing--30);padding-left:var(--wp--preset--spacing--30)\">\n<div class=\"wp-block-group has-border-color has-theme-5-border-color is-layout-constrained wp-container-core-group-is-layout-e760d3b2 wp-block-group-is-layout-constrained\" style=\"border-width:1px;border-radius:1px;padding-top:var(--wp--preset--spacing--40);padding-right:var(--wp--preset--spacing--40);padding-bottom:var(--wp--preset--spacing--40);padding-left:var(--wp--preset--spacing--40)\">\n<div class=\"wp-block-media-text\" style=\"font-size:0.93rem;grid-template-columns:60% auto\"><figure class=\"wp-block-media-text__media\"><img loading=\"lazy\" decoding=\"async\" width=\"250\" height=\"250\" src=\"https:\/\/vierpan.com\/wp-content\/uploads\/2025\/05\/a6.jpg\" alt=\"\" class=\"wp-image-350 size-medium\" srcset=\"https:\/\/vierpan.com\/wp-content\/uploads\/2025\/05\/a6.jpg 250w, https:\/\/vierpan.com\/wp-content\/uploads\/2025\/05\/a6-150x150.jpg 150w\" sizes=\"auto, (max-width: 250px) 100vw, 250px\" \/><\/figure><div class=\"wp-block-media-text__content\">\n<p style=\"margin-bottom:var(--wp--preset--spacing--40);font-size:1rem\"><strong>Dikey Tip<br><\/strong><\/p>\n\n\n\n<p style=\"font-size:0.6rem\"><span style=\"text-decoration: underline;\">Daha Fazla Bilgi \u2192<\/span><\/p>\n<\/div><\/div>\n<\/div>\n<\/div>\n<\/div>\n<\/main>\n\n\n\n<div style=\"height:100px\" aria-hidden=\"true\" class=\"wp-block-spacer\"><\/div>\n","protected":false},"excerpt":{"rendered":"<p>Tip 1 Box Panolar Daha Fazla Bilgi \u2192 Tip 3 Box Panolar &#8211; 1 Giri\u015f 1 \u00c7\u0131k\u0131\u015f Daha Fazla Bilgi \u2192 Harici AG Da\u011f\u0131t\u0131m Panolar\u0131 Daha Fazla Bilgi \u2192 OSOS Panolar Daha Fazla Bilgi \u2192 Yenilenebilir Enerji D.P. Daha Fazla Bilgi \u2192 EKK Panolar\u0131 Daha Fazla Bilgi \u2192 Saya\u00e7 Panolar\u0131 Daha Fazla Bilgi \u2192 Sekonder [&hellip;]<\/p>\n","protected":false},"author":1,"featured_media":0,"parent":0,"menu_order":0,"comment_status":"closed","ping_status":"closed","template":"wp-custom-template-kategori","meta":{"footnotes":""},"class_list":["post-216","page","type-page","status-publish","hentry"],"_links":{"self":[{"href":"https:\/\/vierpan.com\/index.php?rest_route=\/wp\/v2\/pages\/216","targetHints":{"allow":["GET"]}}],"collection":[{"href":"https:\/\/vierpan.com\/index.php?rest_route=\/wp\/v2\/pages"}],"about":[{"href":"https:\/\/vierpan.com\/index.php?rest_route=\/wp\/v2\/types\/page"}],"author":[{"embeddable":true,"href":"https:\/\/vierpan.com\/index.php?rest_route=\/wp\/v2\/users\/1"}],"replies":[{"embeddable":true,"href":"https:\/\/vierpan.com\/index.php?rest_route=%2Fwp%2Fv2%2Fcomments&post=216"}],"version-history":[{"count":13,"href":"https:\/\/vierpan.com\/index.php?rest_route=\/wp\/v2\/pages\/216\/revisions"}],"predecessor-version":[{"id":355,"href":"https:\/\/vierpan.com\/index.php?rest_route=\/wp\/v2\/pages\/216\/revisions\/355"}],"wp:attachment":[{"href":"https:\/\/vierpan.com\/index.php?rest_route=%2Fwp%2Fv2%2Fmedia&parent=216"}],"curies":[{"name":"wp","href":"https:\/\/api.w.org\/{rel}","templated":true}]}}