{"id":181,"date":"2025-05-02T13:20:59","date_gmt":"2025-05-02T13:20:59","guid":{"rendered":"https:\/\/vierpan.com\/?page_id=181"},"modified":"2025-11-27T14:48:08","modified_gmt":"2025-11-27T14:48:08","slug":"iletisim","status":"publish","type":"page","link":"https:\/\/vierpan.com\/?page_id=181","title":{"rendered":"\u0130LET\u0130\u015e\u0130M"},"content":{"rendered":"\n<p class=\"has-text-align-center\"><\/p>\n\n\n\n<p class=\"has-text-align-center\"><strong>Adres:<\/strong> MALIK\u00d6Y BA\u015eKENT OSB MAH. 2 CAD. NO:9 \u00a0 PK:06930 \u00a0 S\u0130NCAN\/ANKARA<\/p>\n\n\n\n<p class=\"has-text-align-center\"><\/p>\n","protected":false},"excerpt":{"rendered":"<p>Adres: MALIK\u00d6Y BA\u015eKENT OSB MAH. 2 CAD. NO:9 \u00a0 PK:06930 \u00a0 S\u0130NCAN\/ANKARA<\/p>\n","protected":false},"author":1,"featured_media":0,"parent":0,"menu_order":0,"comment_status":"closed","ping_status":"closed","template":"","meta":{"footnotes":""},"class_list":["post-181","page","type-page","status-publish","hentry"],"_links":{"self":[{"href":"https:\/\/vierpan.com\/index.php?rest_route=\/wp\/v2\/pages\/181","targetHints":{"allow":["GET"]}}],"collection":[{"href":"https:\/\/vierpan.com\/index.php?rest_route=\/wp\/v2\/pages"}],"about":[{"href":"https:\/\/vierpan.com\/index.php?rest_route=\/wp\/v2\/types\/page"}],"author":[{"embeddable":true,"href":"https:\/\/vierpan.com\/index.php?rest_route=\/wp\/v2\/users\/1"}],"replies":[{"embeddable":true,"href":"https:\/\/vierpan.com\/index.php?rest_route=%2Fwp%2Fv2%2Fcomments&post=181"}],"version-history":[{"count":8,"href":"https:\/\/vierpan.com\/index.php?rest_route=\/wp\/v2\/pages\/181\/revisions"}],"predecessor-version":[{"id":412,"href":"https:\/\/vierpan.com\/index.php?rest_route=\/wp\/v2\/pages\/181\/revisions\/412"}],"wp:attachment":[{"href":"https:\/\/vierpan.com\/index.php?rest_route=%2Fwp%2Fv2%2Fmedia&parent=181"}],"curies":[{"name":"wp","href":"https:\/\/api.w.org\/{rel}","templated":true}]}}