{"id":158,"date":"2025-05-02T12:43:22","date_gmt":"2025-05-02T12:43:22","guid":{"rendered":"https:\/\/vierpan.com\/?page_id=158"},"modified":"2025-05-02T13:10:40","modified_gmt":"2025-05-02T13:10:40","slug":"biz-kimiz","status":"publish","type":"page","link":"https:\/\/vierpan.com\/?page_id=158","title":{"rendered":"Hakk\u0131m\u0131zda"},"content":{"rendered":"\n<p><strong>V\u0130ERPAN<\/strong> olarak, kuruldu\u011fumuz g\u00fcnden bu yana enerji sekt\u00f6r\u00fcnde kalite, g\u00fcven ve s\u00fcrd\u00fcr\u00fclebilirlik ilkeleriyle yol al\u0131yoruz. Sekt\u00f6r\u00fcn ihtiya\u00e7lar\u0131n\u0131 do\u011fru analiz eden, \u00fclke ekonomisine katk\u0131 sa\u011flayan ve her zaman \u00e7a\u011f\u0131n gereklerine uyum sa\u011flayan bir anlay\u0131\u015fla \u00fcretim ve hizmet faaliyetlerimizi y\u00fcr\u00fct\u00fcyoruz.<\/p>\n\n\n\n<p>3000 m\u00b2&#8217;lik \u00fcretim alan\u0131m\u0131zda, geni\u015f \u00fcr\u00fcn yelpazemiz ve s\u0131f\u0131r hata odakl\u0131 \u00fcretim prensibimizle, m\u00fc\u015fteri memnuniyetini hem sat\u0131\u015f \u00f6ncesinde hem de sat\u0131\u015f sonras\u0131nda \u00f6n planda tutarak sekt\u00f6r\u00fcm\u00fczde emin ad\u0131mlarla ilerlemekteyiz. S\u00fcrekli b\u00fcy\u00fcyen i\u015f hacmimiz, g\u00fc\u00e7l\u00fc AR-GE \u00e7al\u0131\u015fmalar\u0131m\u0131z ve nitelikli insan kayna\u011f\u0131m\u0131zla rekabet g\u00fcc\u00fcm\u00fcz\u00fc her ge\u00e7en g\u00fcn art\u0131r\u0131yoruz.<\/p>\n\n\n\n<p>Enerji kaynaklar\u0131n\u0131n bilin\u00e7li kullan\u0131lmas\u0131n\u0131n \u00e7evresel sorumluluk a\u00e7\u0131s\u0131ndan \u00f6neminin fark\u0131nday\u0131z. Bu nedenle \u00fcretim s\u00fcre\u00e7lerimizde do\u011fru malzeme ve teknoloji kullan\u0131m\u0131na, s\u00fcrekli mesleki e\u011fitime ve kalite standartlar\u0131na uygun \u00e7\u00f6z\u00fcmler sunmaya b\u00fcy\u00fck \u00f6nem veriyoruz. Panolar\u0131m\u0131z, y\u0131llarca sorunsuz ve verimli \u00e7al\u0131\u015facak \u015fekilde, uluslararas\u0131 kalite standartlar\u0131na sahip partnerlerimizle i\u015f birli\u011fi i\u00e7inde geli\u015ftirilmektedir.<\/p>\n\n\n\n<p>\u0130leri teknoloji, g\u00fc\u00e7l\u00fc m\u00fchendislik, k\u00f6kl\u00fc tecr\u00fcbe ve \u00e7evre bilinciyle, <strong>V\u0130ERPAN<\/strong> olarak gelece\u011fi g\u00fcvenle enerjilendirmeye devam ediyoruz.<\/p>\n\n\n\n<p><\/p>\n\n\n\n<hr class=\"wp-block-separator has-alpha-channel-opacity is-style-dots\" style=\"margin-top:var(--wp--preset--spacing--30);margin-bottom:var(--wp--preset--spacing--30)\"\/>\n\n\n\n<p><strong>Misyon &amp; Vizyon<\/strong><\/p>\n\n\n\n<p>Vierpan b\u00fcnyesinde bulunan uzman kadrosuyla, inovatif ve vizyoner yakla\u015f\u0131m\u0131 ile projelerde gerekli \u00e7\u00f6z\u00fcmler \u00fcretmekte ayr\u0131ca olu\u015fturdu\u011fu \u00e7\u00f6z\u00fcmlerle \u00e7al\u0131\u015ft\u0131\u011f\u0131 firmalara gerek i\u015fletme verimlili\u011fi gerekse i\u015fletme maliyetleri anlam\u0131nda olumlu katma de\u011ferler sa\u011flamaktad\u0131r.<\/p>\n\n\n\n<p>Vierpan olarak, mimari m\u00fckemmeliyeti ve s\u00fcrd\u00fcr\u00fclebilir inovasyonu bir araya getirerek, gelece\u011fin ya\u015fanabilir d\u00fcnyas\u0131n\u0131 tasarlamak ve in\u015fa etmek i\u00e7in kararl\u0131 bir vizyonla ilerliyoruz. Her projede, estetik zenginlikle fonksiyonelli\u011fi birle\u015ftirerek, topluluklar\u0131 ve \u00e7evreyi olumlu bir \u015fekilde etkileyen bir miras b\u0131rakma taahh\u00fcd\u00fcm\u00fcz\u00fc s\u00fcrd\u00fcr\u00fcyoruz.<br><br>Vierpan olarak misyonumuz, m\u00fc\u015fteri odakl\u0131 yakla\u015f\u0131m\u0131m\u0131zla yenilik\u00e7i tasar\u0131mlar ve s\u00fcrd\u00fcr\u00fclebilir enerji \u00e7\u00f6z\u00fcmleri toplumlar\u0131n ve \u00e7evrenin ya\u015fam kalitesini art\u0131rmak ve d\u00f6n\u00fc\u015ft\u00fcrmektir.<\/p>\n","protected":false},"excerpt":{"rendered":"<p>V\u0130ERPAN olarak, kuruldu\u011fumuz g\u00fcnden bu yana enerji sekt\u00f6r\u00fcnde kalite, g\u00fcven ve s\u00fcrd\u00fcr\u00fclebilirlik ilkeleriyle yol al\u0131yoruz. Sekt\u00f6r\u00fcn ihtiya\u00e7lar\u0131n\u0131 do\u011fru analiz eden, \u00fclke ekonomisine katk\u0131 sa\u011flayan ve her zaman \u00e7a\u011f\u0131n gereklerine uyum sa\u011flayan bir anlay\u0131\u015fla \u00fcretim ve hizmet faaliyetlerimizi y\u00fcr\u00fct\u00fcyoruz. 3000 m\u00b2&#8217;lik \u00fcretim alan\u0131m\u0131zda, geni\u015f \u00fcr\u00fcn yelpazemiz ve s\u0131f\u0131r hata odakl\u0131 \u00fcretim prensibimizle, m\u00fc\u015fteri memnuniyetini hem sat\u0131\u015f [&hellip;]<\/p>\n","protected":false},"author":1,"featured_media":0,"parent":0,"menu_order":0,"comment_status":"closed","ping_status":"closed","template":"","meta":{"footnotes":""},"class_list":["post-158","page","type-page","status-publish","hentry"],"_links":{"self":[{"href":"https:\/\/vierpan.com\/index.php?rest_route=\/wp\/v2\/pages\/158","targetHints":{"allow":["GET"]}}],"collection":[{"href":"https:\/\/vierpan.com\/index.php?rest_route=\/wp\/v2\/pages"}],"about":[{"href":"https:\/\/vierpan.com\/index.php?rest_route=\/wp\/v2\/types\/page"}],"author":[{"embeddable":true,"href":"https:\/\/vierpan.com\/index.php?rest_route=\/wp\/v2\/users\/1"}],"replies":[{"embeddable":true,"href":"https:\/\/vierpan.com\/index.php?rest_route=%2Fwp%2Fv2%2Fcomments&post=158"}],"version-history":[{"count":5,"href":"https:\/\/vierpan.com\/index.php?rest_route=\/wp\/v2\/pages\/158\/revisions"}],"predecessor-version":[{"id":172,"href":"https:\/\/vierpan.com\/index.php?rest_route=\/wp\/v2\/pages\/158\/revisions\/172"}],"wp:attachment":[{"href":"https:\/\/vierpan.com\/index.php?rest_route=%2Fwp%2Fv2%2Fmedia&parent=158"}],"curies":[{"name":"wp","href":"https:\/\/api.w.org\/{rel}","templated":true}]}}